{"id":21,"date":"2021-08-20T08:02:46","date_gmt":"2021-08-20T11:02:46","guid":{"rendered":"https:\/\/hablagalera.com\/?page_id=21"},"modified":"2021-09-04T12:11:17","modified_gmt":"2021-09-04T15:11:17","slug":"quem-somos","status":"publish","type":"page","link":"https:\/\/hablagalera.com\/?page_id=21","title":{"rendered":"Quem somos"},"content":{"rendered":"\n<p><strong>NOSSA VIDA ANTES DE MORAR NA ESPANHA<\/strong><\/p>\n\n\n\n<p>Somos Thiago e Luciana, um casal da Baixada Santista e que em 2018 tomou a decis\u00e3o de sair do Brasil.<\/p>\n\n\n\n<p>T\u00ednhamos uma vida tranquila, por\u00e9m sem muitas novidades, trabalho est\u00e1vel, mas que n\u00e3o nos possibilitava viver com a qualidade que gostar\u00edamos e uma vontade e necessidade imensa de viver algo novo, mas que naquele momento ainda n\u00e3o sab\u00edamos o que era.&nbsp;<\/p>\n\n\n\n<p>E foi ai que a vida entrou em a\u00e7\u00e3o e se encarregou de dar aquela sacudida na gente!! Alguns acontecimentos no meu trabalho (Thiago) me levaram a um grau de descontentamento e des\u00e2nimo muito grandes, o que fez com que eu come\u00e7asse a considerar a mudan\u00e7a de pa\u00eds, mas a L\u00fa ainda n\u00e3o estava preparada, n\u00e3o estava de acordo.&nbsp;<\/p>\n\n\n\n<p>Ap\u00f3s 1 m\u00eas,&nbsp; coincidentemente ou podemos chamar de um sinal que a vida nos deu, recebemos a visita da irm\u00e3 da L\u00fa, que j\u00e1 morava na Espanha h\u00e1 muitos anos e como eu (Luciana)&nbsp; tamb\u00e9m j\u00e1 tinha vivido uma experi\u00eancia em outro pa\u00eds, alguns anos atr\u00e1s, a chama se reacendeu e ent\u00e3o neste momento eu decidi que SIM, sair do Brasil j\u00e1 n\u00e3o era mais uma vontade s\u00f3 do Thiago e sim de n\u00f3s dois.<\/p>\n\n\n\n<p>Tomada \u00e0 decis\u00e3o, partimos para a escolha do pa\u00eds e em abril do mesmo ano, iniciamos o nosso planejamento para a ent\u00e3o SONHADA MUDAN\u00c7A.<\/p>\n\n\n\n<p>Foi 1 ano de muito planejamento,&nbsp; muitas pesquisas , noites mal dormidas , frio na barriga, mas uma \u00fanica certeza, j\u00e1 n\u00e3o tinha volta atr\u00e1s!!!&nbsp;<\/p>\n\n\n\n<p>Com boa parte do planejamento j\u00e1 elaborado, documenta\u00e7\u00e3o para o reconhecimento de cidadania italiana pronta, eu (Thiago) que ia viajar para a It\u00e1lia antes de vir para a Espanha, fiz o comunicado no trabalho e ent\u00e3o uma pontinha do nosso sonho j\u00e1 come\u00e7ava acontecer.<\/p>\n\n\n\n<p>Passados 4 meses que o Thiago viajou para a It\u00e1lia, foi a minha vez (L\u00fa) de fazer o comunicado a empresa, na verdade como n\u00f3s trabalh\u00e1vamos na mesma empresa, acho que n\u00e3o foi nenhuma surpresa!!!<\/p>\n\n\n\n<p>Entre os meses de Abril e Maio do ano de 2019 j\u00e1 est\u00e1vamos todos na Espanha, Thiago, Luciana, Ana J\u00falia nossa filha e a Dona Ivonete (m\u00e3e da L\u00fa).<\/p>\n\n\n\n<p><strong>A CRIA\u00c7\u00c3O DO HABLA GALERA, COMO ELE SURGIU&#8230;<\/strong><\/p>\n\n\n\n<p>A ideia do projeto surgiu quando ainda est\u00e1vamos no Brasil, durante as fases de planejamento e pesquisas, as redes sociais e o nosso amigo de sempre Google, foram muito importantes para n\u00f3s.<\/p>\n\n\n\n<p>Mas n\u00f3s sent\u00edamos que faltava algo, as informa\u00e7\u00f5es muitas vezes n\u00e3o eram t\u00e3o claras ou bem embasadas e a sensa\u00e7\u00e3o era de que a gente estava t\u00e3o distante e totalmente desprovido do que n\u00f3s mais precis\u00e1vamos naquele momento, INFORMA\u00c7\u00c3O.<\/p>\n\n\n\n<p>Foi ent\u00e3o que n\u00f3s decidimos, quando chegarmos na Espanha ter\u00edamos o nosso pr\u00f3prio canal. Proporcionar\u00edamos informa\u00e7\u00e3o de valor e qualidade e ajudar\u00edamos a todas aquelas pessoas que estivessem na mesma situa\u00e7\u00e3o que a gente, tivessem o sonho de ir morar na Espanha e n\u00e3o soubessem por onde come\u00e7ar.<\/p>\n\n\n\n<p>E aqui estamos n\u00f3s, nos dedicando e dando o nosso melhor para cumprir com essa miss\u00e3o!!!<\/p>\n","protected":false},"excerpt":{"rendered":"<p>NOSSA VIDA ANTES DE MORAR NA ESPANHA Somos Thiago e Luciana, um casal da Baixada Santista e que em 2018 tomou a decis\u00e3o de sair do Brasil. T\u00ednhamos uma vida tranquila, por\u00e9m sem muitas novidades, trabalho est\u00e1vel, mas que n\u00e3o nos possibilitava viver com a qualidade que gostar\u00edamos e uma vontade e necessidade imensa de &hellip; <\/p>\n","protected":false},"author":1,"featured_media":141,"parent":0,"menu_order":0,"comment_status":"closed","ping_status":"closed","template":"","meta":[],"_links":{"self":[{"href":"https:\/\/hablagalera.com\/index.php?rest_route=\/wp\/v2\/pages\/21"}],"collection":[{"href":"https:\/\/hablagalera.com\/index.php?rest_route=\/wp\/v2\/pages"}],"about":[{"href":"https:\/\/hablagalera.com\/index.php?rest_route=\/wp\/v2\/types\/page"}],"author":[{"embeddable":true,"href":"https:\/\/hablagalera.com\/index.php?rest_route=\/wp\/v2\/users\/1"}],"replies":[{"embeddable":true,"href":"https:\/\/hablagalera.com\/index.php?rest_route=%2Fwp%2Fv2%2Fcomments&post=21"}],"version-history":[{"count":3,"href":"https:\/\/hablagalera.com\/index.php?rest_route=\/wp\/v2\/pages\/21\/revisions"}],"predecessor-version":[{"id":143,"href":"https:\/\/hablagalera.com\/index.php?rest_route=\/wp\/v2\/pages\/21\/revisions\/143"}],"wp:featuredmedia":[{"embeddable":true,"href":"https:\/\/hablagalera.com\/index.php?rest_route=\/wp\/v2\/media\/141"}],"wp:attachment":[{"href":"https:\/\/hablagalera.com\/index.php?rest_route=%2Fwp%2Fv2%2Fmedia&parent=21"}],"curies":[{"name":"wp","href":"https:\/\/api.w.org\/{rel}","templated":true}]}}