{"id":27,"date":"2021-08-20T08:02:46","date_gmt":"2021-08-20T11:02:46","guid":{"rendered":"https:\/\/hablagalera.com\/?page_id=27"},"modified":"2021-12-15T18:11:55","modified_gmt":"2021-12-15T21:11:55","slug":"downloads","status":"publish","type":"page","link":"https:\/\/hablagalera.com\/?page_id=27","title":{"rendered":"Downloads"},"content":{"rendered":"\t\t<div data-elementor-type=\"wp-page\" data-elementor-id=\"27\" class=\"elementor elementor-27\" data-elementor-settings=\"[]\">\n\t\t\t\t\t\t\t<div class=\"elementor-section-wrap\">\n\t\t\t\t\t\t\t<section class=\"elementor-section elementor-top-section elementor-element elementor-element-1062916 elementor-section-boxed elementor-section-height-default elementor-section-height-default\" data-id=\"1062916\" data-element_type=\"section\">\n\t\t\t\t\t\t<div class=\"elementor-container elementor-column-gap-default\">\n\t\t\t\t\t<div class=\"elementor-column elementor-col-100 elementor-top-column elementor-element elementor-element-0183542\" data-id=\"0183542\" data-element_type=\"column\">\n\t\t\t<div class=\"elementor-widget-wrap elementor-element-populated\">\n\t\t\t\t\t\t\t\t<div class=\"elementor-element elementor-element-166f6e0 elementor-widget elementor-widget-image\" data-id=\"166f6e0\" data-element_type=\"widget\" data-widget_type=\"image.default\">\n\t\t\t\t<div class=\"elementor-widget-container\">\n\t\t\t\t\t\t\t\t\t\t\t\t\t\t\t<img width=\"810\" height=\"400\" src=\"https:\/\/hablagalera.com\/wp-content\/uploads\/2021\/12\/MATERIAIS-EXCLUSIVOS-1024x506.png\" class=\"attachment-large size-large\" alt=\"\" loading=\"lazy\" srcset=\"https:\/\/hablagalera.com\/wp-content\/uploads\/2021\/12\/MATERIAIS-EXCLUSIVOS-1024x506.png 1024w, https:\/\/hablagalera.com\/wp-content\/uploads\/2021\/12\/MATERIAIS-EXCLUSIVOS-300x148.png 300w, https:\/\/hablagalera.com\/wp-content\/uploads\/2021\/12\/MATERIAIS-EXCLUSIVOS-768x379.png 768w, https:\/\/hablagalera.com\/wp-content\/uploads\/2021\/12\/MATERIAIS-EXCLUSIVOS-121x60.png 121w, https:\/\/hablagalera.com\/wp-content\/uploads\/2021\/12\/MATERIAIS-EXCLUSIVOS.png 1170w\" sizes=\"(max-width: 810px) 100vw, 810px\" \/>\t\t\t\t\t\t\t\t\t\t\t\t\t\t\t<\/div>\n\t\t\t\t<\/div>\n\t\t\t\t<div class=\"elementor-element elementor-element-f30224d elementor-widget elementor-widget-spacer\" data-id=\"f30224d\" data-element_type=\"widget\" data-widget_type=\"spacer.default\">\n\t\t\t\t<div class=\"elementor-widget-container\">\n\t\t\t\t\t<div class=\"elementor-spacer\">\n\t\t\t<div class=\"elementor-spacer-inner\"><\/div>\n\t\t<\/div>\n\t\t\t\t<\/div>\n\t\t\t\t<\/div>\n\t\t\t\t<div class=\"elementor-element elementor-element-e63149e elementor-widget elementor-widget-text-editor\" data-id=\"e63149e\" data-element_type=\"widget\" data-widget_type=\"text-editor.default\">\n\t\t\t\t<div class=\"elementor-widget-container\">\n\t\t\t\t\t\t\t<p style=\"text-align: left;\">Aqui disponibilizamos os materiais que junto com os nossos v\u00eddeos e posts v\u00e3o te ajudar a se preparar melhor para morar aqui na Espanha. E o melhor, tudo gr\u00e1tis<\/p>\t\t\t\t\t\t<\/div>\n\t\t\t\t<\/div>\n\t\t\t\t\t<\/div>\n\t\t<\/div>\n\t\t\t\t\t\t\t<\/div>\n\t\t<\/section>\n\t\t\t\t<section class=\"elementor-section elementor-top-section elementor-element elementor-element-a8cfaee elementor-section-boxed elementor-section-height-default elementor-section-height-default\" data-id=\"a8cfaee\" data-element_type=\"section\">\n\t\t\t\t\t\t<div class=\"elementor-container elementor-column-gap-default\">\n\t\t\t\t\t<div class=\"elementor-column elementor-col-33 elementor-top-column elementor-element elementor-element-16630d7\" data-id=\"16630d7\" data-element_type=\"column\">\n\t\t\t<div class=\"elementor-widget-wrap elementor-element-populated\">\n\t\t\t\t\t\t\t\t<div class=\"elementor-element elementor-element-e1ee26b elementor-widget elementor-widget-image\" data-id=\"e1ee26b\" data-element_type=\"widget\" data-widget_type=\"image.default\">\n\t\t\t\t<div class=\"elementor-widget-container\">\n\t\t\t\t\t\t\t\t\t\t\t\t\t\t\t<img width=\"587\" height=\"778\" src=\"https:\/\/hablagalera.com\/wp-content\/uploads\/2021\/09\/PLANILHA-FOTO-PARA-SITE.png\" class=\"attachment-large size-large\" alt=\"\" loading=\"lazy\" srcset=\"https:\/\/hablagalera.com\/wp-content\/uploads\/2021\/09\/PLANILHA-FOTO-PARA-SITE.png 587w, https:\/\/hablagalera.com\/wp-content\/uploads\/2021\/09\/PLANILHA-FOTO-PARA-SITE-226x300.png 226w, https:\/\/hablagalera.com\/wp-content\/uploads\/2021\/09\/PLANILHA-FOTO-PARA-SITE-45x60.png 45w\" sizes=\"(max-width: 587px) 100vw, 587px\" \/>\t\t\t\t\t\t\t\t\t\t\t\t\t\t\t<\/div>\n\t\t\t\t<\/div>\n\t\t\t\t\t<\/div>\n\t\t<\/div>\n\t\t\t\t<div class=\"elementor-column elementor-col-66 elementor-top-column elementor-element elementor-element-22b9dba\" data-id=\"22b9dba\" data-element_type=\"column\">\n\t\t\t<div class=\"elementor-widget-wrap elementor-element-populated\">\n\t\t\t\t\t\t\t\t<div class=\"elementor-element elementor-element-22d05bc elementor-widget elementor-widget-heading\" data-id=\"22d05bc\" data-element_type=\"widget\" data-widget_type=\"heading.default\">\n\t\t\t\t<div class=\"elementor-widget-container\">\n\t\t\t<h2 class=\"elementor-heading-title elementor-size-default\">Planilha de planejamento<\/h2>\t\t<\/div>\n\t\t\t\t<\/div>\n\t\t\t\t<div class=\"elementor-element elementor-element-47e1d28 elementor-widget elementor-widget-text-editor\" data-id=\"47e1d28\" data-element_type=\"widget\" data-widget_type=\"text-editor.default\">\n\t\t\t\t<div class=\"elementor-widget-container\">\n\t\t\t\t\t\t\t<p style=\"text-align: left;\">Voc\u00ea sabe quanto dinheiro precisa para come\u00e7ar sua vida aqui na Espanha?<\/p><p style=\"text-align: left;\">Para ajudar na resposta dessa pergunta, n\u00f3s disponibilizamos essa planilha, muito semelhante a que utilizamos na nossa prepara\u00e7\u00e3o.<\/p><p style=\"text-align: left;\">Com essa planilha voc\u00ea vai poder simular a quantia necess\u00e1ria em v\u00e1rios cen\u00e1rios diferentes e se preparar melhor para todos eles.<\/p><p>\u00a0<\/p><p style=\"text-align: left;\">\u00a0<\/p>\t\t\t\t\t\t<\/div>\n\t\t\t\t<\/div>\n\t\t\t\t<div class=\"elementor-element elementor-element-df4ae57 elementor-widget elementor-widget-button\" data-id=\"df4ae57\" data-element_type=\"widget\" data-widget_type=\"button.default\">\n\t\t\t\t<div class=\"elementor-widget-container\">\n\t\t\t\t\t<div class=\"elementor-button-wrapper\">\n\t\t\t<a href=\"https:\/\/materiais.hablagalera.com\/planilha\/\" target=\"_blank\" class=\"elementor-button-link elementor-button elementor-size-sm\" role=\"button\">\n\t\t\t\t\t\t<span class=\"elementor-button-content-wrapper\">\n\t\t\t\t\t\t<span class=\"elementor-button-text\">Clique aqui para baixar<\/span>\n\t\t<\/span>\n\t\t\t\t\t<\/a>\n\t\t<\/div>\n\t\t\t\t<\/div>\n\t\t\t\t<\/div>\n\t\t\t\t\t<\/div>\n\t\t<\/div>\n\t\t\t\t\t\t\t<\/div>\n\t\t<\/section>\n\t\t\t\t\t\t<\/div>\n\t\t\t\t\t<\/div>\n\t\t","protected":false},"excerpt":{"rendered":"<p>Aqui disponibilizamos os materiais que junto com os nossos v\u00eddeos e posts v\u00e3o te ajudar a se preparar melhor para morar aqui na Espanha. E o melhor, tudo gr\u00e1tis Planilha de planejamento Voc\u00ea sabe quanto dinheiro precisa para come\u00e7ar sua vida aqui na Espanha? Para ajudar na resposta dessa pergunta, n\u00f3s disponibilizamos essa planilha, muito &hellip; <\/p>\n","protected":false},"author":1,"featured_media":0,"parent":0,"menu_order":0,"comment_status":"closed","ping_status":"closed","template":"","meta":[],"_links":{"self":[{"href":"https:\/\/hablagalera.com\/index.php?rest_route=\/wp\/v2\/pages\/27"}],"collection":[{"href":"https:\/\/hablagalera.com\/index.php?rest_route=\/wp\/v2\/pages"}],"about":[{"href":"https:\/\/hablagalera.com\/index.php?rest_route=\/wp\/v2\/types\/page"}],"author":[{"embeddable":true,"href":"https:\/\/hablagalera.com\/index.php?rest_route=\/wp\/v2\/users\/1"}],"replies":[{"embeddable":true,"href":"https:\/\/hablagalera.com\/index.php?rest_route=%2Fwp%2Fv2%2Fcomments&post=27"}],"version-history":[{"count":35,"href":"https:\/\/hablagalera.com\/index.php?rest_route=\/wp\/v2\/pages\/27\/revisions"}],"predecessor-version":[{"id":947,"href":"https:\/\/hablagalera.com\/index.php?rest_route=\/wp\/v2\/pages\/27\/revisions\/947"}],"wp:attachment":[{"href":"https:\/\/hablagalera.com\/index.php?rest_route=%2Fwp%2Fv2%2Fmedia&parent=27"}],"curies":[{"name":"wp","href":"https:\/\/api.w.org\/{rel}","templated":true}]}}